{"id":262,"date":"2024-01-04T21:27:27","date_gmt":"2024-01-04T20:27:27","guid":{"rendered":"http:\/\/www.orlando.ba\/kontakt\/"},"modified":"2024-02-23T20:30:15","modified_gmt":"2024-02-23T19:30:15","slug":"contact","status":"publish","type":"page","link":"http:\/\/www.orlando.ba\/en\/contact\/","title":{"rendered":"Contact"},"content":{"rendered":"\n<p><strong>Orlando d.o.o (headquarter<\/strong>)<br>Address: Bra\u0107e \u0160imi\u0107a 49, 88340 Grude, Bosnia and Herzegovina<br>Phone: ++387 (0)39 662 681<br>Phone\/fax: ++387 (0)39 661 681<br>Web: <a href=\"http:\/\/www.orlando.ba\">www.orlando.ba<\/a><br>E-mail: <a href=\"mailto:info@orlando.ba\">info@orlando.ba<\/a><\/p>\n\n\n\n<div style=\"height:20px\" aria-hidden=\"true\" class=\"wp-block-spacer\"><\/div>\n\n\n\n<h2 class=\"wp-block-heading\"><strong>Contact web form<\/strong><\/h2>\n\n\n\n<div class=\"wp-block-contact-form-7-contact-form-selector\">\n<div class=\"wpcf7 no-js\" id=\"wpcf7-f351-o1\" lang=\"hr\" dir=\"ltr\" data-wpcf7-id=\"351\">\n<div class=\"screen-reader-response\"><p role=\"status\" aria-live=\"polite\" aria-atomic=\"true\"><\/p> <ul><\/ul><\/div>\n<form action=\"\/en\/wp-json\/wp\/v2\/pages\/262#wpcf7-f351-o1\" method=\"post\" class=\"wpcf7-form init\" aria-label=\"Kontakt obrazac\" novalidate=\"novalidate\" data-status=\"init\">\n<fieldset class=\"hidden-fields-container\"><input type=\"hidden\" name=\"_wpcf7\" value=\"351\" \/><input type=\"hidden\" name=\"_wpcf7_version\" value=\"6.1.5\" \/><input type=\"hidden\" name=\"_wpcf7_locale\" value=\"hr\" \/><input type=\"hidden\" name=\"_wpcf7_unit_tag\" value=\"wpcf7-f351-o1\" \/><input type=\"hidden\" name=\"_wpcf7_container_post\" value=\"0\" \/><input type=\"hidden\" name=\"_wpcf7_posted_data_hash\" value=\"\" \/>\n<\/fieldset>\n<div class=\"row\">\n\t<div class=\"col-md-12\">\n\t\t<p><span class=\"wpcf7-form-control-wrap\" data-name=\"your-name\"><input size=\"40\" maxlength=\"400\" class=\"wpcf7-form-control wpcf7-text wpcf7-validates-as-required\" aria-required=\"true\" aria-invalid=\"false\" placeholder=\"Name and surname *\" value=\"\" type=\"text\" name=\"your-name\" \/><\/span>\n\t\t<\/p>\n\t\t<p><span class=\"wpcf7-form-control-wrap\" data-name=\"your-email\"><input size=\"40\" maxlength=\"400\" class=\"wpcf7-form-control wpcf7-email wpcf7-validates-as-required wpcf7-text wpcf7-validates-as-email\" aria-required=\"true\" aria-invalid=\"false\" placeholder=\"E-mail *\" value=\"\" type=\"email\" name=\"your-email\" \/><\/span>\n\t\t<\/p>\n\t\t<p><span class=\"wpcf7-form-control-wrap\" data-name=\"your-phone\"><input size=\"40\" maxlength=\"400\" class=\"wpcf7-form-control wpcf7-text wpcf7-validates-as-required\" aria-required=\"true\" aria-invalid=\"false\" placeholder=\"Phone \/ mobile *\" value=\"\" type=\"text\" name=\"your-phone\" \/><\/span>\n\t\t<\/p>\n\t\t<p><span class=\"wpcf7-form-control-wrap\" data-name=\"your-message\"><textarea cols=\"40\" rows=\"10\" maxlength=\"2000\" class=\"wpcf7-form-control wpcf7-textarea\" aria-invalid=\"false\" placeholder=\"Message \/ inquiry\" name=\"your-message\"><\/textarea><\/span>\n\t\t<\/p>\n\t\t<p><span class=\"wpcf7-form-control-wrap\" data-name=\"random-math-quiz\"><label><span class=\"wpcf7-quiz-label\">9-2=?<\/span> <input size=\"40\" class=\"wpcf7-form-control wpcf7-quiz\" autocomplete=\"off\" aria-required=\"true\" aria-invalid=\"false\" type=\"text\" name=\"random-math-quiz\" \/><\/label><input type=\"hidden\" name=\"_wpcf7_quiz_answer_random-math-quiz\" value=\"02b77cc034c7c1e31f90548cd137942b\" \/><\/span>\n\t\t<\/p>\n\t\t<p>Be sure to fill in the fields marked with (*)\n\t\t<\/p>\n\t\t<p style=\"margin-top: 30px;\"><input class=\"wpcf7-form-control wpcf7-submit has-spinner\" type=\"submit\" value=\"SEND A MESSAGE...\" \/>\n\t\t<\/p>\n\t<\/div>\n<\/div><div class=\"wpcf7-response-output\" aria-hidden=\"true\"><\/div>\n<\/form>\n<\/div>\n<\/div>\n","protected":false},"excerpt":{"rendered":"<p>Orlando d.o.o (headquarter)Address: Bra\u0107e \u0160imi\u0107a 49, 88340 Grude, Bosnia and HerzegovinaPhone: ++387 (0)39 662 681Phone\/fax: ++387 (0)39 661 681Web: www.orlando.baE-mail:<\/p>\n<p><a class=\"read-more\" href=\"http:\/\/www.orlando.ba\/en\/contact\/\">Read more&#8230;<\/a><\/p>\n","protected":false},"author":1,"featured_media":0,"parent":0,"menu_order":0,"comment_status":"closed","ping_status":"closed","template":"","meta":{"_acf_changed":false,"footnotes":""},"class_list":["post-262","page","type-page","status-publish","hentry"],"acf":[],"_links":{"self":[{"href":"http:\/\/www.orlando.ba\/en\/wp-json\/wp\/v2\/pages\/262","targetHints":{"allow":["GET"]}}],"collection":[{"href":"http:\/\/www.orlando.ba\/en\/wp-json\/wp\/v2\/pages"}],"about":[{"href":"http:\/\/www.orlando.ba\/en\/wp-json\/wp\/v2\/types\/page"}],"author":[{"embeddable":true,"href":"http:\/\/www.orlando.ba\/en\/wp-json\/wp\/v2\/users\/1"}],"replies":[{"embeddable":true,"href":"http:\/\/www.orlando.ba\/en\/wp-json\/wp\/v2\/comments?post=262"}],"version-history":[{"count":3,"href":"http:\/\/www.orlando.ba\/en\/wp-json\/wp\/v2\/pages\/262\/revisions"}],"predecessor-version":[{"id":355,"href":"http:\/\/www.orlando.ba\/en\/wp-json\/wp\/v2\/pages\/262\/revisions\/355"}],"wp:attachment":[{"href":"http:\/\/www.orlando.ba\/en\/wp-json\/wp\/v2\/media?parent=262"}],"curies":[{"name":"wp","href":"https:\/\/api.w.org\/{rel}","templated":true}]}}